{"id":157,"date":"2017-06-18T15:57:29","date_gmt":"2017-06-18T13:57:29","guid":{"rendered":"http:\/\/gite-horizon.com\/?page_id=157"},"modified":"2026-02-02T15:53:58","modified_gmt":"2026-02-02T14:53:58","slug":"mentions-legales","status":"publish","type":"page","link":"https:\/\/gite-horizon.com\/index.php\/mentions-legales\/","title":{"rendered":"MENTIONS LEGALES &#8211; POLITIQUE DE CONFIDENTIALITE"},"content":{"rendered":"<p><span style=\"font-family: arial, helvetica, sans-serif;\"><strong>Objet<\/strong><\/span><\/p>\n<p><span style=\"font-family: arial, helvetica, sans-serif;\">Ce site a pour objet de pr\u00e9senter les prestations offertes par le g\u00eete l&rsquo;Horizon, activit\u00e9 de location meubl\u00e9e saisonni\u00e8re g\u00e9r\u00e9e par In\u00e8s FOURNIER.<\/span><\/p>\n<p><span style=\"font-family: arial, helvetica, sans-serif;\"><strong>G\u00e9n\u00e9ralit\u00e9s<\/strong><\/span><\/p>\n<p><span style=\"font-family: arial, helvetica, sans-serif;\">Tout utilisateur de ce site s\u2019engage \u00e0 prendre connaissance des conditions d\u2019utilisation en vigueur ici expos\u00e9es, et \u00e0 les respecter sans r\u00e9serve.<\/span><\/p>\n<p><span style=\"font-family: arial, helvetica, sans-serif;\"><strong>Propri\u00e9t\u00e9 intellectuelle<\/strong><\/span><\/p>\n<p><span style=\"font-family: arial, helvetica, sans-serif;\">Tous les \u00e9l\u00e9ments pr\u00e9sents sur ce site\u00a0sont prot\u00e9g\u00e9s au titre de la Propri\u00e9t\u00e9 Intellectuelle.<\/span><br \/>\n<span style=\"font-family: arial, helvetica, sans-serif;\"> A ce titre, vous vous engagez \u00e0 ne pas utiliser tout ou partie de ce site\u00a0 sans autorisation du propri\u00e9taire du site.<\/span><\/p>\n<p><span style=\"font-family: arial, helvetica, sans-serif;\"><strong>Acc\u00e8s<br \/>\n<\/strong><\/span><\/p>\n<p><span style=\"font-family: arial, helvetica, sans-serif;\">Le site sera maintenu accessible tant que possible. Toutefois, pour des raisons de maintenance, de mise \u00e0 jour, ou pour tout autre probl\u00e8me de quelque nature que ce soit, cet acc\u00e8s pourra \u00eatre suspendu.<\/span><\/p>\n<p><span style=\"font-family: arial, helvetica, sans-serif;\"><strong>Contenu<\/strong><\/span><\/p>\n<p><span style=\"font-family: arial, helvetica, sans-serif;\">Bien que les informations contenues au sein de ce site soient consid\u00e9r\u00e9es comme fiables, nous ne pouvons garantir l\u2019exhaustivit\u00e9 et l\u2019enti\u00e8re exactitude de celles-ci. Le propri\u00e9taire du site, d\u00e9cline ainsi toute responsabilit\u00e9 en cas de manquements concernant l\u2019exactitude, la justesse et le caract\u00e8re opportun des informations relay\u00e9es dans ce site internet.\u00a0<\/span><\/p>\n<p><span style=\"font-family: arial, helvetica, sans-serif;\">Le contenu de ce site et ses conditions d\u2019utilisation pourront \u00eatre modifi\u00e9s \u00e0 tout moment, sans pr\u00e9avis.<\/span><\/p>\n<p><span style=\"font-family: arial, helvetica, sans-serif;\"><strong>Cookies<\/strong><\/span><\/p>\n<p><span style=\"font-family: arial, helvetica, sans-serif;\">Lors de votre utilisation du Site, des cookies seront susceptibles d\u2019\u00eatre implant\u00e9s sur votre ordinateur. Vous pouvez configurer les pr\u00e9f\u00e9rences de votre logiciel de navigation pour refuser les cookies. Dans ce cas, il est possible que certaines fonctionnalit\u00e9s du pr\u00e9sent site pourraient \u00eatre ralenties ou inaccessibles.<\/span><\/p>\n<p><span style=\"font-family: arial, helvetica, sans-serif;\"><strong>Risques<\/strong><\/span><\/p>\n<p><span style=\"font-family: arial, helvetica, sans-serif;\">Vous acceptez que l\u2019acc\u00e8s au pr\u00e9sent site internet se fait \u00e0 vos risques et p\u00e9rils.<\/span><\/p>\n<p><span style=\"font-family: arial, helvetica, sans-serif;\">Le propri\u00e9taire du site ne pourra \u00eatre tenu responsable en cas de dommages directs ou indirects (virus, etc.) r\u00e9sultant de l\u2019utilisation et de la consultation de ce site.<\/span><\/p>\n<p><span style=\"font-family: arial, helvetica, sans-serif;\"><strong>Donn\u00e9es personnelles<\/strong><\/span><\/p>\n<p><span style=\"font-family: arial, helvetica, sans-serif;\">Les donn\u00e9es personnelles sont communiqu\u00e9es de mani\u00e8re volontaire par les utilisateurs du site au travers de nos formulaires de contact et de r\u00e9servation. Les donn\u00e9es obligatoires \u00e0 la validation du formulaire sont pr\u00e9cis\u00e9es sur celui-ci. Les donn\u00e9es sont collect\u00e9es et sont destin\u00e9es uniquement \u00e0 In\u00e8s Fournier, afin de r\u00e9pondre au mieux aux demandeurs, g\u00e9rer les r\u00e9servations en communiquant notamment aux clients les informations utiles \u00e0 leurs s\u00e9jours. Vos donn\u00e9es sont conserv\u00e9es pendant toute la dur\u00e9e de la relation contractuelle, puis archiv\u00e9es pendant 5 ans pour r\u00e9pondre \u00e0 nos obligations comptables et fiscales.\u00a0\u00bb Vos donn\u00e9es ne sont transmises \u00e0 aucun tiers \u00e0 des fins commerciales. Elles sont uniquement accessibles par les propri\u00e9taires du g\u00eete et, de mani\u00e8re s\u00e9curis\u00e9e, par nos prestataires techniques (HBook pour la r\u00e9servation, Stripe pour le paiement). Conform\u00e9ment au RGPD, vous disposez d&rsquo;un droit d&rsquo;acc\u00e8s, de rectification, de suppression et d&rsquo;opposition au traitement de vos donn\u00e9es personnelles. Pour exercer ce droit, vous pouvez nous contacter \u00e0 l&rsquo;adresse suivante : contact@gite-horizon.com<\/span><\/p>\n<p><span style=\"font-family: arial, helvetica, sans-serif;\"><strong>MENTIONS LEGALES<\/strong><\/span><\/p>\n<p><span style=\"font-family: arial, helvetica, sans-serif;\"><strong>Editeur du site<\/strong> : In\u00e8s FOURNIER<\/span><\/p>\n<p data-path-to-node=\"4\"><span style=\"font-family: arial, helvetica, sans-serif;\"><strong>G\u00eete L&rsquo;Horizon. Entrepreneur Individuel In\u00e8s FOURNIER. <\/strong><\/span><strong>SIRET N\u00b053828266600022<\/strong><\/p>\n<p><span style=\"font-family: arial, helvetica, sans-serif; font-size: revert; color: initial;\"><strong>CMS<\/strong> : WordPress, Th\u00e8me Twenty Seventeen<\/span><\/p>\n<p><span style=\"font-family: arial, helvetica, sans-serif;\"><strong>H\u00e9bergeur : OVH &#8211; <\/strong><\/span><span style=\"font-family: arial, helvetica, sans-serif;\">Soci\u00e9t\u00e9 par Actions Simplifi\u00e9es au capital de 500 000\u20ac<\/span><span style=\"font-family: arial, helvetica, sans-serif;\">Si\u00e8ge social : 140 Quai du Sartel \u2013 59100 ROUBAIX <\/span><span style=\"font-family: arial, helvetica, sans-serif;\">424 761 419 00011 RCS TOURCOING<\/span><\/p>\n","protected":false},"excerpt":{"rendered":"<p>Objet Ce site a pour objet de pr\u00e9senter les prestations offertes par le g\u00eete l&rsquo;Horizon, activit\u00e9 de location meubl\u00e9e saisonni\u00e8re g\u00e9r\u00e9e par In\u00e8s FOURNIER. G\u00e9n\u00e9ralit\u00e9s Tout utilisateur de ce site s\u2019engage \u00e0 prendre connaissance des conditions d\u2019utilisation en vigueur ici expos\u00e9es, et \u00e0 les respecter sans r\u00e9serve. Propri\u00e9t\u00e9 intellectuelle Tous les \u00e9l\u00e9ments pr\u00e9sents sur ce &hellip; <\/p>\n<p class=\"link-more\"><a href=\"https:\/\/gite-horizon.com\/index.php\/mentions-legales\/\" class=\"more-link\">Continuer la lecture<span class=\"screen-reader-text\"> de &laquo;&nbsp;MENTIONS LEGALES &#8211; POLITIQUE DE CONFIDENTIALITE&nbsp;&raquo;<\/span><\/a><\/p>\n","protected":false},"author":1,"featured_media":0,"parent":0,"menu_order":0,"comment_status":"closed","ping_status":"closed","template":"","meta":{"_monsterinsights_skip_tracking":false,"_monsterinsights_sitenote_active":false,"_monsterinsights_sitenote_note":"","_monsterinsights_sitenote_category":0,"footnotes":""},"class_list":["post-157","page","type-page","status-publish","hentry"],"aioseo_notices":[],"_links":{"self":[{"href":"https:\/\/gite-horizon.com\/index.php\/wp-json\/wp\/v2\/pages\/157","targetHints":{"allow":["GET"]}}],"collection":[{"href":"https:\/\/gite-horizon.com\/index.php\/wp-json\/wp\/v2\/pages"}],"about":[{"href":"https:\/\/gite-horizon.com\/index.php\/wp-json\/wp\/v2\/types\/page"}],"author":[{"embeddable":true,"href":"https:\/\/gite-horizon.com\/index.php\/wp-json\/wp\/v2\/users\/1"}],"replies":[{"embeddable":true,"href":"https:\/\/gite-horizon.com\/index.php\/wp-json\/wp\/v2\/comments?post=157"}],"version-history":[{"count":6,"href":"https:\/\/gite-horizon.com\/index.php\/wp-json\/wp\/v2\/pages\/157\/revisions"}],"predecessor-version":[{"id":628,"href":"https:\/\/gite-horizon.com\/index.php\/wp-json\/wp\/v2\/pages\/157\/revisions\/628"}],"wp:attachment":[{"href":"https:\/\/gite-horizon.com\/index.php\/wp-json\/wp\/v2\/media?parent=157"}],"curies":[{"name":"wp","href":"https:\/\/api.w.org\/{rel}","templated":true}]}}