{"id":16,"date":"2017-05-15T16:34:15","date_gmt":"2017-05-15T14:34:15","guid":{"rendered":"http:\/\/gite-horizon.com\/?page_id=16"},"modified":"2026-02-02T16:32:10","modified_gmt":"2026-02-02T15:32:10","slug":"accueil","status":"publish","type":"page","link":"https:\/\/gite-horizon.com\/","title":{"rendered":"ACCUEIL"},"content":{"rendered":"<p style=\"text-align: center;\"><span style=\"font-size: 14pt;\"><strong><span style=\"font-family: arial, helvetica, sans-serif;\"><span style=\"vertical-align: inherit;\"><span style=\"vertical-align: inherit;\">Bienvenue sur le site de l&rsquo;Horizon &amp; SPA. Nature, calme, tranquillit\u00e9.<\/span><\/span><\/span><\/strong><\/span><\/p>\n<hr \/>\n<p style=\"text-align: center;\"><span style=\"font-family: arial, helvetica, sans-serif;\">Une maison lov\u00e9e au c\u0153ur du Bugey (Massif de la Chartreuse de Portes), dans un petit hameau bucolique \u00e0 650\u202fm d\u2019altitude, avec SPA ext\u00e9rieur privatif et vue panoramique sur la vall\u00e9e et les Alpes. Ici, le calme absolu, la nature et la d\u00e9tente sont au rendez-vous, pour un s\u00e9jour ressour\u00e7ant en toutes saisons, en couple, ou en famille.<\/span><\/p>\n\n\n<figure class=\"wp-block-gallery has-nested-images columns-default is-cropped wp-block-gallery-1 is-layout-flex wp-block-gallery-is-layout-flex\"><\/figure>\n\n\n","protected":false},"excerpt":{"rendered":"<p>Bienvenue sur le site de l&rsquo;Horizon &amp; SPA. Nature, calme, tranquillit\u00e9. Une maison lov\u00e9e au c\u0153ur du Bugey (Massif de la Chartreuse de Portes), dans un petit hameau bucolique \u00e0 650\u202fm d\u2019altitude, avec SPA ext\u00e9rieur privatif et vue panoramique sur la vall\u00e9e et les Alpes. Ici, le calme absolu, la nature et la d\u00e9tente sont &hellip; <\/p>\n<p class=\"link-more\"><a href=\"https:\/\/gite-horizon.com\/\" class=\"more-link\">Continuer la lecture<span class=\"screen-reader-text\"> de &laquo;&nbsp;ACCUEIL&nbsp;&raquo;<\/span><\/a><\/p>\n","protected":false},"author":1,"featured_media":244,"parent":0,"menu_order":0,"comment_status":"closed","ping_status":"closed","template":"","meta":{"_monsterinsights_skip_tracking":false,"_monsterinsights_sitenote_active":false,"_monsterinsights_sitenote_note":"","_monsterinsights_sitenote_category":0,"footnotes":""},"class_list":["post-16","page","type-page","status-publish","has-post-thumbnail","hentry"],"aioseo_notices":[],"_links":{"self":[{"href":"https:\/\/gite-horizon.com\/index.php\/wp-json\/wp\/v2\/pages\/16","targetHints":{"allow":["GET"]}}],"collection":[{"href":"https:\/\/gite-horizon.com\/index.php\/wp-json\/wp\/v2\/pages"}],"about":[{"href":"https:\/\/gite-horizon.com\/index.php\/wp-json\/wp\/v2\/types\/page"}],"author":[{"embeddable":true,"href":"https:\/\/gite-horizon.com\/index.php\/wp-json\/wp\/v2\/users\/1"}],"replies":[{"embeddable":true,"href":"https:\/\/gite-horizon.com\/index.php\/wp-json\/wp\/v2\/comments?post=16"}],"version-history":[{"count":29,"href":"https:\/\/gite-horizon.com\/index.php\/wp-json\/wp\/v2\/pages\/16\/revisions"}],"predecessor-version":[{"id":640,"href":"https:\/\/gite-horizon.com\/index.php\/wp-json\/wp\/v2\/pages\/16\/revisions\/640"}],"wp:featuredmedia":[{"embeddable":true,"href":"https:\/\/gite-horizon.com\/index.php\/wp-json\/wp\/v2\/media\/244"}],"wp:attachment":[{"href":"https:\/\/gite-horizon.com\/index.php\/wp-json\/wp\/v2\/media?parent=16"}],"curies":[{"name":"wp","href":"https:\/\/api.w.org\/{rel}","templated":true}]}}