{"id":51,"date":"2017-05-17T07:03:13","date_gmt":"2017-05-17T05:03:13","guid":{"rendered":"http:\/\/gite-horizon.com\/?page_id=51"},"modified":"2026-04-27T18:18:29","modified_gmt":"2026-04-27T16:18:29","slug":"tarifs-reservation","status":"publish","type":"page","link":"https:\/\/gite-horizon.com\/index.php\/tarifs-reservation\/","title":{"rendered":"RESERVATION EN LIGNE"},"content":{"rendered":"\n<h3 class=\"wp-block-heading\">\u2727 <a href=\"https:\/\/gite-horizon.com\/index.php\/hb_accommodation\/formule-amoureux\/\" title=\"\">Offre \u00ab\u00a0Amoureux\u00a0\u00bb<\/a> : 2 adultes max &#8211; Acc\u00e8s SPA libre &#8211; 140\u20ac\/nuit<\/h3>\n\n\n\n<h3 class=\"wp-block-heading\">\u2727 <a href=\"https:\/\/gite-horizon.com\/index.php\/hb_accommodation\/offre-pack-amoureux-1-nuit\/\" title=\"\">Offre \u00ab\u00a0Pack Amoureux<\/a> &#8211; 1 Nuit\u00a0\u00bb : 2 adultes max &#8211; Acc\u00e8s SPA libre &#8211; Panier Petit-D\u00e9jeuner et D\u00eener inclus. 224\u20ac\/nuit<\/h3>\n\n\n\n<h3 class=\"wp-block-heading\">\u2727 <a href=\"https:\/\/gite-horizon.com\/index.php\/hb_accommodation\/formule-famille\/\" title=\"\">Offre \u00ab\u00a0Famille \u00ab\u00a0<\/a> : 2 adultes \/ 2 enfants max &#8211; Acc\u00e8s SPA \u00e0 la s\u00e9ance en option &#8211; 99\u20ac\/nuit<\/h3>\n\n\n\n<hr class=\"wp-block-separator has-alpha-channel-opacity\"\/>\n\n\n\n<p class=\"has-medium-font-size\">Merci de prendre connaissance de nos <strong><a href=\"https:\/\/gite-horizon.com\/index.php\/conditions-generales-de-vente\/\" title=\"\">Conditions G\u00e9n\u00e9rales de Vente et R\u00e8glement Int\u00e9rieur<\/a><\/strong><\/p>\n","protected":false},"excerpt":{"rendered":"<p>\u2727 Offre \u00ab\u00a0Amoureux\u00a0\u00bb : 2 adultes max &#8211; Acc\u00e8s SPA libre &#8211; 140\u20ac\/nuit \u2727 Offre \u00ab\u00a0Pack Amoureux &#8211; 1 Nuit\u00a0\u00bb : 2 adultes max &#8211; Acc\u00e8s SPA libre &#8211; Panier Petit-D\u00e9jeuner et D\u00eener inclus. 224\u20ac\/nuit \u2727 Offre \u00ab\u00a0Famille \u00ab\u00a0 : 2 adultes \/ 2 enfants max &#8211; Acc\u00e8s SPA \u00e0 la s\u00e9ance en option &#8211; &hellip; <\/p>\n<p class=\"link-more\"><a href=\"https:\/\/gite-horizon.com\/index.php\/tarifs-reservation\/\" class=\"more-link\">Continuer la lecture<span class=\"screen-reader-text\"> de &laquo;&nbsp;RESERVATION EN LIGNE&nbsp;&raquo;<\/span><\/a><\/p>\n","protected":false},"author":1,"featured_media":0,"parent":0,"menu_order":0,"comment_status":"closed","ping_status":"closed","template":"","meta":{"_monsterinsights_skip_tracking":false,"_monsterinsights_sitenote_active":false,"_monsterinsights_sitenote_note":"","_monsterinsights_sitenote_category":0,"footnotes":""},"class_list":["post-51","page","type-page","status-publish","hentry"],"aioseo_notices":[],"_links":{"self":[{"href":"https:\/\/gite-horizon.com\/index.php\/wp-json\/wp\/v2\/pages\/51","targetHints":{"allow":["GET"]}}],"collection":[{"href":"https:\/\/gite-horizon.com\/index.php\/wp-json\/wp\/v2\/pages"}],"about":[{"href":"https:\/\/gite-horizon.com\/index.php\/wp-json\/wp\/v2\/types\/page"}],"author":[{"embeddable":true,"href":"https:\/\/gite-horizon.com\/index.php\/wp-json\/wp\/v2\/users\/1"}],"replies":[{"embeddable":true,"href":"https:\/\/gite-horizon.com\/index.php\/wp-json\/wp\/v2\/comments?post=51"}],"version-history":[{"count":54,"href":"https:\/\/gite-horizon.com\/index.php\/wp-json\/wp\/v2\/pages\/51\/revisions"}],"predecessor-version":[{"id":670,"href":"https:\/\/gite-horizon.com\/index.php\/wp-json\/wp\/v2\/pages\/51\/revisions\/670"}],"wp:attachment":[{"href":"https:\/\/gite-horizon.com\/index.php\/wp-json\/wp\/v2\/media?parent=51"}],"curies":[{"name":"wp","href":"https:\/\/api.w.org\/{rel}","templated":true}]}}