{"id":520,"date":"2026-01-30T14:57:09","date_gmt":"2026-01-30T13:57:09","guid":{"rendered":"https:\/\/gite-horizon.com\/?page_id=520"},"modified":"2026-04-16T11:45:43","modified_gmt":"2026-04-16T09:45:43","slug":"lhorizon-spa-nature-confort-et-bien-etre-au-coeur-du-bugey","status":"publish","type":"page","link":"https:\/\/gite-horizon.com\/index.php\/lhorizon-spa-nature-confort-et-bien-etre-au-coeur-du-bugey\/","title":{"rendered":"L\u2019Horizon &amp; SPA \u2014 Nature, confort et bien-\u00eatre au c\u0153ur du Bugey"},"content":{"rendered":"\n<p class=\"has-normal-font-size\">Bienvenue \u00e0 <strong>L\u2019Horizon &amp; SPA<\/strong>, un g\u00eete d\u2019exception nich\u00e9 au c\u0153ur du Bugey (Massif de la Chartreuse de Portes), dans un petit hameau bucolique \u00e0 650\u202fm d\u2019altitude, avec vue panoramique sur la vall\u00e9e et les Alpes. Ici, le calme absolu, la nature et la d\u00e9tente sont au rendez-vous, pour un s\u00e9jour ressour\u00e7ant en toutes saisons.<\/p>\n\n\n<div class=\"wp-block-image\">\n<figure class=\"aligncenter size-large is-resized\"><img loading=\"lazy\" decoding=\"async\" width=\"1024\" height=\"768\" src=\"https:\/\/gite-horizon.com\/wp-content\/uploads\/2026\/01\/IMG20260111124852-1024x768.jpg\" alt=\"\" class=\"wp-image-527\" style=\"aspect-ratio:1.7777777777777777;object-fit:cover;width:456px;height:auto\" srcset=\"https:\/\/gite-horizon.com\/wp-content\/uploads\/2026\/01\/IMG20260111124852-1024x768.jpg 1024w, https:\/\/gite-horizon.com\/wp-content\/uploads\/2026\/01\/IMG20260111124852-300x225.jpg 300w, https:\/\/gite-horizon.com\/wp-content\/uploads\/2026\/01\/IMG20260111124852-768x576.jpg 768w, https:\/\/gite-horizon.com\/wp-content\/uploads\/2026\/01\/IMG20260111124852-1536x1152.jpg 1536w, https:\/\/gite-horizon.com\/wp-content\/uploads\/2026\/01\/IMG20260111124852-2048x1536.jpg 2048w\" sizes=\"auto, (max-width: 767px) 89vw, (max-width: 1000px) 54vw, (max-width: 1071px) 543px, 580px\" \/><\/figure>\n<\/div>\n\n\n<h3 class=\"wp-block-heading\"><strong>Un lieu authentique et chaleureux<\/strong><\/h3>\n\n\n\n<p>L\u2019Horizon est une maison de 90\u202fm\u00b2 qui allie le charme de la pierre au confort. Elle peut accueillir jusqu\u2019\u00e0 2 adultes et 2 enfants dans un espace confortable et pens\u00e9 pour votre bien-\u00eatre.<\/p>\n\n\n\n<p> \ud83d\udccd \u00c0 seulement 1\u202fh de Lyon, 45\u202fmin d\u2019Aix\u2011les\u2011Bains, 1\u202fh\u202f15 de Chamb\u00e9ry et 1\u202fh\u202f45 de Gen\u00e8ve ou Annecy, le g\u00eete est id\u00e9alement situ\u00e9 pour profiter de la r\u00e9gion.<\/p>\n\n\n<div class=\"wp-block-image\">\n<figure class=\"aligncenter size-large is-resized\"><img loading=\"lazy\" decoding=\"async\" width=\"1024\" height=\"576\" src=\"https:\/\/gite-horizon.com\/wp-content\/uploads\/2026\/01\/Maison-1024x576.jpg\" alt=\"\" class=\"wp-image-546\" style=\"width:400px;height:auto\" srcset=\"https:\/\/gite-horizon.com\/wp-content\/uploads\/2026\/01\/Maison-1024x576.jpg 1024w, https:\/\/gite-horizon.com\/wp-content\/uploads\/2026\/01\/Maison-300x169.jpg 300w, https:\/\/gite-horizon.com\/wp-content\/uploads\/2026\/01\/Maison-768x432.jpg 768w, https:\/\/gite-horizon.com\/wp-content\/uploads\/2026\/01\/Maison-1536x864.jpg 1536w, https:\/\/gite-horizon.com\/wp-content\/uploads\/2026\/01\/Maison-2048x1152.jpg 2048w\" sizes=\"auto, (max-width: 767px) 89vw, (max-width: 1000px) 54vw, (max-width: 1071px) 543px, 580px\" \/><\/figure>\n<\/div>\n\n\n<hr class=\"wp-block-separator has-alpha-channel-opacity\"\/>\n\n\n\n<h2 class=\"wp-block-heading\"> \u2727  <strong>Votre espace int\u00e9rieur<\/strong><\/h2>\n\n\n\n<p><strong>Au rez-de-chauss\u00e9e :<\/strong><\/p>\n\n\n\n<ul class=\"wp-block-list\">\n<li><strong>Cuisine \u00e9quip\u00e9e<\/strong> : Tout le n\u00e9cessaire (plaques gaz + \u00e9lectrique, four \u00e9lectrique, micro-ondes, lave-vaisselle, cafeti\u00e8re filtre, cafeti\u00e8re Senseo, r\u00e9frig\u00e9rateur avec cong\u00e9lateur, bouilloire, grille-pains, appareils raclette &amp; fondue, plancha).<\/li>\n\n\n\n<li><strong>Salon\/salle \u00e0 manger convivial<\/strong> :\n<ul class=\"wp-block-list\">\n<li><strong>Chemin\u00e9e <\/strong>: 1 lot de bois gratuit est fourni pour votre s\u00e9jour afin que vous puissiez profitez d&rsquo;un bon feu<\/li>\n\n\n\n<li>1 Canap\u00e9 d&rsquo;angle + 1 Canap\u00e9 convertible, TV, Xbox et <strong>Netflix inclus<\/strong>.<\/li>\n<\/ul>\n<\/li>\n\n\n\n<li>1 salle de douche<\/li>\n\n\n\n<li>1 espace WC \/ buanderie avec machine \u00e0 laver<\/li>\n\n\n\n<li><strong>Equipements b\u00e9b\u00e9<\/strong> : Chaise haute, baignoire, r\u00e9ducteur WC<\/li>\n<\/ul>\n\n\n<div class=\"wp-block-image\">\n<figure class=\"aligncenter size-large is-resized\"><img loading=\"lazy\" decoding=\"async\" width=\"1024\" height=\"768\" src=\"https:\/\/gite-horizon.com\/wp-content\/uploads\/2026\/01\/IMG20260114092441-1024x768.jpg\" alt=\"\" class=\"wp-image-537\" style=\"width:440px;height:auto\" srcset=\"https:\/\/gite-horizon.com\/wp-content\/uploads\/2026\/01\/IMG20260114092441-1024x768.jpg 1024w, https:\/\/gite-horizon.com\/wp-content\/uploads\/2026\/01\/IMG20260114092441-300x225.jpg 300w, https:\/\/gite-horizon.com\/wp-content\/uploads\/2026\/01\/IMG20260114092441-768x576.jpg 768w, https:\/\/gite-horizon.com\/wp-content\/uploads\/2026\/01\/IMG20260114092441-1536x1152.jpg 1536w, https:\/\/gite-horizon.com\/wp-content\/uploads\/2026\/01\/IMG20260114092441-2048x1536.jpg 2048w\" sizes=\"auto, (max-width: 767px) 89vw, (max-width: 1000px) 54vw, (max-width: 1071px) 543px, 580px\" \/><\/figure>\n<\/div>\n\n\n<p><strong>A l&rsquo;\u00e9tage :<\/strong><\/p>\n\n\n\n<ul id=\"block-3b23d88f-855f-4b00-b8bd-bfebbde68171\" class=\"wp-block-list\">\n<li><strong>1 Chambre principale<\/strong> avec lit Queen Size (160*20) et dressing<\/li>\n\n\n\n<li><strong>1 Chambre communicante enfants<\/strong> : 2 lits superpos\u00e9s simples (r\u00e9serv\u00e9s aux enfants de moins de 50kg)<\/li>\n\n\n\n<li><strong>1 Lit parapluie<\/strong> sur demande<\/li>\n<\/ul>\n\n\n<div class=\"wp-block-image\">\n<figure class=\"aligncenter size-full is-resized\"><img loading=\"lazy\" decoding=\"async\" width=\"2560\" height=\"1920\" src=\"https:\/\/gite-horizon.com\/wp-content\/uploads\/2026\/04\/IMG20260402150816-scaled.jpg\" alt=\"\" class=\"wp-image-666\" style=\"width:408px;height:auto\" srcset=\"https:\/\/gite-horizon.com\/wp-content\/uploads\/2026\/04\/IMG20260402150816-scaled.jpg 2560w, https:\/\/gite-horizon.com\/wp-content\/uploads\/2026\/04\/IMG20260402150816-300x225.jpg 300w\" sizes=\"auto, (max-width: 767px) 89vw, (max-width: 1000px) 54vw, (max-width: 1071px) 543px, 580px\" \/><figcaption class=\"wp-element-caption\">oplus_2<\/figcaption><\/figure>\n<\/div>\n\n\n<ul class=\"wp-block-list\">\n<li><strong>Chauffage central<\/strong> fioul dans l&rsquo;ensemble de la maison<\/li>\n<\/ul>\n\n\n\n<hr class=\"wp-block-separator has-alpha-channel-opacity\"\/>\n\n\n\n<h2 class=\"wp-block-heading\">\ud83c\udf3f <strong>Ext\u00e9rieur &amp; activit\u00e9s<\/strong><\/h2>\n\n\n\n<ul class=\"wp-block-list\">\n<li><strong>SPA ext\u00e9rieur privatif<\/strong> (2\u20133 places) disponible toute l\u2019ann\u00e9e. SPA haut de gamme professionnel avec syst\u00e8me de d\u00e9sinfection de l&rsquo;eau par Ozonateur et Lampe UV. Chromoth\u00e9rapie. Aromath\u00e9rapie. Vue sur la vall\u00e9e et les Alpes.<\/li>\n\n\n\n<li><strong>Terrasse sous vigne<\/strong><\/li>\n\n\n\n<li><strong>Espace clos privatif avec jeux ext\u00e9rieurs<\/strong> (terrain de p\u00e9tanque, trampoline, badminton\u2026)<\/li>\n\n\n\n<li><strong>Barbecue<\/strong> (charbon de bois)<\/li>\n<\/ul>\n\n\n<div class=\"wp-block-image\">\n<figure class=\"aligncenter size-large is-resized\"><img loading=\"lazy\" decoding=\"async\" width=\"1024\" height=\"521\" src=\"https:\/\/gite-horizon.com\/wp-content\/uploads\/2026\/01\/SPA_2-1024x521.jpg\" alt=\"\" class=\"wp-image-540\" style=\"aspect-ratio:1.9654869844983913;width:511px;height:auto\" srcset=\"https:\/\/gite-horizon.com\/wp-content\/uploads\/2026\/01\/SPA_2-1024x521.jpg 1024w, https:\/\/gite-horizon.com\/wp-content\/uploads\/2026\/01\/SPA_2-300x153.jpg 300w, https:\/\/gite-horizon.com\/wp-content\/uploads\/2026\/01\/SPA_2-768x391.jpg 768w, https:\/\/gite-horizon.com\/wp-content\/uploads\/2026\/01\/SPA_2-1536x782.jpg 1536w, https:\/\/gite-horizon.com\/wp-content\/uploads\/2026\/01\/SPA_2-2048x1043.jpg 2048w\" sizes=\"auto, (max-width: 767px) 89vw, (max-width: 1000px) 54vw, (max-width: 1071px) 543px, 580px\" \/><\/figure>\n<\/div>\n\n\n<hr class=\"wp-block-separator has-alpha-channel-opacity\"\/>\n\n\n\n<h2 class=\"wp-block-heading\">\u25c7 <strong>Services inclus dans toutes nos offres<\/strong><\/h2>\n\n\n\n<ul class=\"wp-block-list has-normal-font-size\">\n<li>Wi-Fi illimit\u00e9<\/li>\n\n\n\n<li>Linge de lit et de toilette fourni<\/li>\n\n\n\n<li>Lits faits \u00e0 l\u2019arriv\u00e9e<\/li>\n\n\n\n<li>M\u00e9nage final inclus<\/li>\n\n\n\n<li>En hiver, un petit lot de bois pour profiter de la chemin\u00e9e<\/li>\n\n\n\n<li><span style=\"font-family: arial, helvetica, sans-serif;\">Acc\u00e8s NETFLIX <\/span><\/li>\n<\/ul>\n\n\n\n<hr class=\"wp-block-separator has-alpha-channel-opacity\"\/>\n\n\n\n<h2 class=\"wp-block-heading\">\ud83d\udc3e <strong>Animaux bienvenus<\/strong><\/h2>\n\n\n\n<p>Vos compagnons \u00e0 quatre pattes (propres et bien \u00e9lev\u00e9s !) sont accept\u00e9s gratuitement dans la limite de deux (sur demande lors de la r\u00e9servation). Nous demandons n\u00e9anmoins en contrepartie de veiller \u00e0 la propret\u00e9 (dispersion des poils notamment) et \u00e0 l&rsquo;int\u00e9grit\u00e9 de la maison, ainsi que de respecter imp\u00e9rativement les r\u00e8gles donn\u00e9es lors de votre r\u00e9servation. Voir Notre <a href=\"https:\/\/gite-horizon.com\/index.php\/conditions-generales-de-vente\/\" title=\"\">R\u00e8glement Int\u00e9rieur.<\/a><\/p>\n\n\n\n<hr class=\"wp-block-separator has-alpha-channel-opacity\"\/>\n\n\n\n<h2 class=\"wp-block-heading\">\u25c7 <strong>Informations pratiques<\/strong><\/h2>\n\n\n\n<ul class=\"wp-block-list\">\n<li>Annulation gratuite jusqu&rsquo;\u00e0 7 jours avant l&rsquo;arriv\u00e9e<\/li>\n\n\n\n<li>Arriv\u00e9es \u00e0 partir de 17h<\/li>\n\n\n\n<li>D\u00e9part jusqu&rsquo;\u00e0 11h<\/li>\n\n\n\n<li>Maison non fumeur<\/li>\n\n\n\n<li>Places de stationnement gratuites <\/li>\n\n\n\n<li>Du 01\/11 au 31\/03 : pour votre s\u00e9curit\u00e9 et votre confort, \u00e9quipement neige obligatoire (Loi Montagne : pneus neiges, pneus 4 saisons 3PMSF, cha\u00eenes ou chaussettes)<\/li>\n<\/ul>\n\n\n\n<hr class=\"wp-block-separator has-alpha-channel-opacity\"\/>\n\n\n\n<h2 class=\"wp-block-heading\"><strong>\u25c7 Situation<\/strong><\/h2>\n\n\n\n<ul class=\"wp-block-list\">\n<li>Exposition et vue : Sud Est. Vue sur la vall\u00e9e et les Alpes<\/li>\n\n\n\n<li>Distance des premiers commerces \/ restaurants&nbsp;: \n<ul class=\"wp-block-list\">\n<li>Fruiti\u00e8re d&rsquo;Ordonnaz \u00e0 5km (fromages \/ charcuterie \/ petite \u00e9picerie \/ d\u00e9p\u00f4t de pains) <\/li>\n\n\n\n<li>Tous commerces \u00e0 15km \/ 15min<\/li>\n<\/ul>\n<\/li>\n\n\n\n<li>Distance de la gare SNCF : Tenay-Hauteville 14km \/ 10min<\/li>\n\n\n\n<li>Pr\u00e9sence d\u2019animaux&nbsp;chez le propri\u00e9taire: 3 chats (qui peuvent circuler librement), 2 chiens qui sont clos c\u00f4t\u00e9 maison propri\u00e9taire et qui ne sont donc pas mitoyen \u00e0 votre g\u00eete. Sur la propri\u00e9t\u00e9 \u00e9galement :  2 chevaux, 2 ch\u00e8vres et 3 poules (non visibles depuis le g\u00eete).<\/li>\n<\/ul>\n\n\n<p><iframe src=\"https:\/\/www.google.com\/maps\/embed?pb=!1m18!1m12!1m3!1d2779.2503554197147!2d5.537557976899784!3d45.846288571082816!2m3!1f0!2f0!3f0!3m2!1i1024!2i768!4f13.1!3m3!1m2!1s0x478b422a64cb60a3%3A0xd9e64c61b00bd37!2sL'Horizon%20%26%20SPA!5e0!3m2!1sfr!2sfr!4v1767817242964!5m2!1sfr!2sfr\" width=\"800\" height=\"600\" style=\"border:0;\" allowfullscreen=\"\" loading=\"lazy\" referrerpolicy=\"no-referrer-when-downgrade\"><\/iframe><\/p>\n","protected":false},"excerpt":{"rendered":"<p>Bienvenue \u00e0 L\u2019Horizon &amp; SPA, un g\u00eete d\u2019exception nich\u00e9 au c\u0153ur du Bugey (Massif de la Chartreuse de Portes), dans un petit hameau bucolique \u00e0 650\u202fm d\u2019altitude, avec vue panoramique sur la vall\u00e9e et les Alpes. Ici, le calme absolu, la nature et la d\u00e9tente sont au rendez-vous, pour un s\u00e9jour ressour\u00e7ant en toutes saisons. &hellip; <\/p>\n<p class=\"link-more\"><a href=\"https:\/\/gite-horizon.com\/index.php\/lhorizon-spa-nature-confort-et-bien-etre-au-coeur-du-bugey\/\" class=\"more-link\">Continuer la lecture<span class=\"screen-reader-text\"> de &laquo;&nbsp;L\u2019Horizon &amp; SPA \u2014 Nature, confort et bien-\u00eatre au c\u0153ur du Bugey&nbsp;&raquo;<\/span><\/a><\/p>\n","protected":false},"author":1,"featured_media":0,"parent":0,"menu_order":0,"comment_status":"closed","ping_status":"closed","template":"","meta":{"_monsterinsights_skip_tracking":false,"_monsterinsights_sitenote_active":false,"_monsterinsights_sitenote_note":"","_monsterinsights_sitenote_category":0,"footnotes":""},"class_list":["post-520","page","type-page","status-publish","hentry"],"aioseo_notices":[],"_links":{"self":[{"href":"https:\/\/gite-horizon.com\/index.php\/wp-json\/wp\/v2\/pages\/520","targetHints":{"allow":["GET"]}}],"collection":[{"href":"https:\/\/gite-horizon.com\/index.php\/wp-json\/wp\/v2\/pages"}],"about":[{"href":"https:\/\/gite-horizon.com\/index.php\/wp-json\/wp\/v2\/types\/page"}],"author":[{"embeddable":true,"href":"https:\/\/gite-horizon.com\/index.php\/wp-json\/wp\/v2\/users\/1"}],"replies":[{"embeddable":true,"href":"https:\/\/gite-horizon.com\/index.php\/wp-json\/wp\/v2\/comments?post=520"}],"version-history":[{"count":10,"href":"https:\/\/gite-horizon.com\/index.php\/wp-json\/wp\/v2\/pages\/520\/revisions"}],"predecessor-version":[{"id":668,"href":"https:\/\/gite-horizon.com\/index.php\/wp-json\/wp\/v2\/pages\/520\/revisions\/668"}],"wp:attachment":[{"href":"https:\/\/gite-horizon.com\/index.php\/wp-json\/wp\/v2\/media?parent=520"}],"curies":[{"name":"wp","href":"https:\/\/api.w.org\/{rel}","templated":true}]}}